{"id":262,"date":"2020-11-18T09:02:06","date_gmt":"2020-11-18T08:02:06","guid":{"rendered":"https:\/\/divewinns.webdev.lu\/legal-mention\/"},"modified":"2022-01-05T15:20:21","modified_gmt":"2022-01-05T14:20:21","slug":"legal-mention","status":"publish","type":"page","link":"https:\/\/divewinns.com\/fr\/legal-mention\/","title":{"rendered":"Mentions L\u00e9gales"},"content":{"rendered":"<p class=\"qtranxs-available-languages-message qtranxs-available-languages-message-fr\"> <\/p><p>La consultation du site DiveWinns et son usage sont soumis au respect et \u00e0 l\u2019acceptation inconditionnelle de l\u2019ensemble des termes, conditions et mentions d\u2019avertissement contenus aux conditions suivantes. Par l\u2019utilisation de ce Site Web, vous acceptez express\u00e9ment et sans limitation lesdits termes, conditions et mentions d\u2019avertissement.<\/p>\n<h4>INFORMATIONS L\u00c9GALES<\/h4>\n<p>Le Site et tout son contenu est la propri\u00e9t\u00e9 de la soci\u00e9t\u00e9 DiveWinns S.A., dont le si\u00e8ge social est situ\u00e9 \u00e0 DiveWinns, inscrite et immatricul\u00e9e au registre de commerce de Luxembourg sous le num\u00e9ro B207739<\/p>\n<p>Responsable de la publication : info@divewinns.com<a href=\"mailto:info@latabledefrank.lu\"><br \/>\n<\/a>Responsable de la Communication : info@divewinns.com<br \/>\nH\u00e9bergement : NOOSPHERE<br \/>\nPour de plus amples informations, contacter : info@divewinns.com<a href=\"mailto:reception@steffen.lu\"><br \/>\n<\/a>Le site a \u00e9t\u00e9 r\u00e9alis\u00e9 et d\u00e9velopp\u00e9 par NOOSPHERE<\/p>\n<h4>AVERTISSEMENT<\/h4>\n<p>Les informations diffus\u00e9es sur ce Site Internet ne sont fournies qu\u2019\u00e0 titre indicatif et ne rev\u00eatent aucun caract\u00e8re contractuel. DiveWinns ne peut en effet parfaitement garantir l\u2019exactitude, la pr\u00e9cision ou l\u2019exhaustivit\u00e9 des informations mises \u00e0 disposition sur ce Site. En cons\u00e9quence, DiveWinns d\u00e9cline toute responsabilit\u00e9 :<\/p>\n<ul>\n<li>pour toute impr\u00e9cision, inexactitude ou omission portant sur des informations disponibles sur le Site ;<\/li>\n<li>pour tous dommages, directs et\/ou indirects, quelles qu\u2019en soient les causes, origines, natures ou cons\u00e9quences, provoqu\u00e9s \u00e0 raison de l\u2019acc\u00e8s de quiconque au Site ou de l\u2019impossibilit\u00e9 d\u2019y acc\u00e9der, de m\u00eame que l\u2019utilisation de Site et\/ou du cr\u00e9dit accord\u00e9 \u00e0 une quelconque information provenant directement ou indirectement de ce Site.<\/li>\n<\/ul>\n<p>DiveWinns se r\u00e9serve le droit de modifier ou de corriger le contenu du Site \u00e0 tout moment sans pr\u00e9avis. DiveWinns ne saurait \u00eatre tenu pour responsable des dommages susceptibles de r\u00e9sulter de l\u2019utilisation des informations diffus\u00e9es sur ce Site Internet et\/ou de l\u2019utilisation d\u2019un produit ou service auquel ces informations font r\u00e9f\u00e9rence. Il appartient \u00e0 l\u2019utilisateur de v\u00e9rifier l\u2019exactitude des informations fournies ainsi que leur utilisation.<\/p>\n<h3>COPYRIGHT ET PROPRI\u00c9T\u00c9 INTELLECTUELLE<\/h3>\n<h3>3.1 Droits d\u2019auteur<\/h3>\n<p>Sauf mention contraire, toutes les informations sur ce serveur Internet et documents contenus dans le Site ainsi que tous les \u00e9l\u00e9ments cr\u00e9\u00e9s pour le Site sont la propri\u00e9t\u00e9 de DiveWinns et sont prot\u00e9g\u00e9s par les droits de propri\u00e9t\u00e9 intellectuelle.<\/p>\n<p>La reproduction et l\u2019utilisation de tous documents et informations publi\u00e9s sur ce Site sont seulement autoris\u00e9es aux fins exclusives d\u2019information pour un usage strictement personnel et priv\u00e9 et moyennant mention de la source. Toute reproduction, utilisation ou diffusion de copies r\u00e9alis\u00e9es \u00e0 d\u2019autres fins est express\u00e9ment interdite et sanctionn\u00e9e p\u00e9nalement.<\/p>\n<p>Aucune licence, ni aucun droit autre que celui de consulter le Site, n\u2019est conf\u00e9r\u00e9 au visiteur du Site au regard des droits de propri\u00e9t\u00e9 intellectuelle. Toute reproduction et toute utilisation de copie r\u00e9alis\u00e9e en dehors d\u2019un usage strictement priv\u00e9 est express\u00e9ment interdite.<\/p>\n<p>L\u2019utilisation de la structure du Site Internet et de ses \u00e9l\u00e9ments logiciels mettant notamment en \u0153uvre tout ou partie des bases de donn\u00e9es du Site n\u2019est autoris\u00e9e que pour une utilisation strictement personnelle et priv\u00e9e excluant toute utilisation \u00e0 des fins professionnelles et\/ou commerciales.<\/p>\n<h3>3.2. Signes distinctifs<\/h3>\n<p>Sauf mention contraire, les d\u00e9nominations sociales, les logos, les produits et marques cit\u00e9s dans ce Site Internet (produits \u00ae et \u2122) sont la propri\u00e9t\u00e9 de DiveWinns. Ils ne peuvent \u00eatre utilis\u00e9s sans l\u2019autorisation \u00e9crite et pr\u00e9alable de DiveWinns<\/p>\n<h3>3.3. Base de donn\u00e9es<\/h3>\n<p>L\u2019ensemble du contenu de ce Site est prot\u00e9g\u00e9 par les droits intellectuels dont DiveWinns et\/ou ses fournisseurs et partenaires sont titulaires. Concernant la protection juridique des bases de donn\u00e9es, DiveWinns est producteur et propri\u00e9taire de tout ou partie des bases de donn\u00e9es composant le pr\u00e9sent Site.<\/p>\n<p>En acc\u00e9dant au pr\u00e9sent Site, l\u2019utilisateur s\u2019interdit notamment d\u2019extraire, r\u00e9utiliser, stocker, reproduire, repr\u00e9senter ou conserver, directement ou indirectement, par transfert permanent ou temporaire, sur un support quelconque, par tout moyen et sous toute forme que ce soit, y compris par lien(s) hypertexte(s), tout ou partie qualitativement ou quantitativement substantielle du contenu des bases de donn\u00e9es figurant sur le site DiveWinns ainsi que d\u2019en faire l\u2019extraction ou la r\u00e9utilisation r\u00e9p\u00e9t\u00e9e et syst\u00e9matique de parties qualitativement et quantitativement non substantielles lorsque ces op\u00e9rations exc\u00e8dent manifestement les conditions d\u2019utilisation normale.<\/p>\n<h4>LIENS HYPERTEXTES<\/h4>\n<p>DiveWinns d\u00e9cline formellement toute responsabilit\u00e9 quant aux contenus du Site vers lesquels il offre des liens. Les \u00e9ventuels liens propos\u00e9s aux utilisateurs du Site Internet DiveWinns sont \u00e0 titre de service. La d\u00e9cision d\u2019activer les liens appartient exclusivement aux utilisateurs du Site Internet. Tout lien simple et\/ou profond ou \u00ab framing \u00bb \u00e0 destination du Site DiveWinns est strictement interdit et en cons\u00e9quence, aucun \u00e9l\u00e9ment figurant sur une page du Site Internet DiveWinns ne peut \u00eatre partiellement ou totalement diffus\u00e9, transf\u00e9r\u00e9 ou ins\u00e9r\u00e9 sur un autre Site Internet, ni servir \u00e0 cr\u00e9er des produits d\u00e9riv\u00e9s, sauf autorisation expresse de DiveWinns<\/p>\n<h4>COMMUNICATION<\/h4>\n<p>La communication envoy\u00e9e aux utilisateurs des services propos\u00e9s sur ce Site, qu\u2019elle soit sous forme \u00e9lectronique ou postale, sera r\u00e9put\u00e9e re\u00e7ue par l\u2019utilisateur en personne.<\/p>\n<h4>MODIFICATIONS DES CONDITIONS G\u00c9N\u00c9RALES D\u2019UTILISATION<\/h4>\n<p>DiveWinns se r\u00e9serve le droit de modifier les termes, conditions et mentions d\u2019avertissement.<\/p>\n<p>&nbsp;<\/p>","protected":false},"excerpt":{"rendered":"<p>La consultation du site DiveWinns et son usage sont soumis au respect et \u00e0 l\u2019acceptation inconditionnelle de l\u2019ensemble des termes, conditions et mentions d\u2019avertissement contenus aux conditions suivantes. Par l\u2019utilisation de ce Site Web, vous acceptez express\u00e9ment et sans limitation lesdits termes, conditions et mentions d\u2019avertissement. INFORMATIONS L\u00c9GALES Le Site et tout son contenu est [&hellip;]<\/p>\n","protected":false},"author":1,"featured_media":0,"parent":0,"menu_order":15,"comment_status":"closed","ping_status":"closed","template":"","meta":{"inline_featured_image":false},"yoast_head":"<!-- This site is optimized with the Yoast SEO Premium plugin v17.8 (Yoast SEO v17.8) - https:\/\/yoast.com\/wordpress\/plugins\/seo\/ -->\n<title>Mentions L\u00e9gales &bull; DiveWinns<\/title>\n<meta name=\"robots\" content=\"index, follow, max-snippet:-1, max-image-preview:large, max-video-preview:-1\" \/>\n<link rel=\"canonical\" href=\"https:\/\/divewinns.com\/legal-mention\/\" \/>\n<meta property=\"og:locale\" content=\"fr_FR\" \/>\n<meta property=\"og:type\" content=\"article\" \/>\n<meta property=\"og:title\" content=\"Mentions L\u00e9gales\" \/>\n<meta property=\"og:description\" content=\"La consultation du site DiveWinns et son usage sont soumis au respect et \u00e0 l\u2019acceptation inconditionnelle de l\u2019ensemble des termes, conditions et mentions d\u2019avertissement contenus aux conditions suivantes. Par l\u2019utilisation de ce Site Web, vous acceptez express\u00e9ment et sans limitation lesdits termes, conditions et mentions d\u2019avertissement. INFORMATIONS L\u00c9GALES Le Site et tout son contenu est [&hellip;]\" \/>\n<meta property=\"og:url\" content=\"https:\/\/divewinns.com\/legal-mention\/\" \/>\n<meta property=\"og:site_name\" content=\"DiveWinns\" \/>\n<meta property=\"article:publisher\" content=\"https:\/\/www.facebook.com\/DiveWinns\" \/>\n<meta property=\"article:modified_time\" content=\"2022-01-05T14:20:21+00:00\" \/>\n<meta name=\"twitter:card\" content=\"summary_large_image\" \/>\n<meta name=\"twitter:label1\" content=\"Dur\u00e9e de lecture est.\" \/>\n\t<meta name=\"twitter:data1\" content=\"5 minutes\" \/>\n<script type=\"application\/ld+json\" class=\"yoast-schema-graph\">{\"@context\":\"https:\/\/schema.org\",\"@graph\":[{\"@type\":\"Organization\",\"@id\":\"https:\/\/divewinns.com\/fr\/#organization\",\"name\":\"DiveWinns S\\u00e0rl\",\"url\":\"https:\/\/divewinns.com\/fr\/\",\"sameAs\":[\"https:\/\/www.facebook.com\/DiveWinns\",\"https:\/\/www.instagram.com\/DiveWinns\"],\"logo\":{\"@type\":\"ImageObject\",\"@id\":\"https:\/\/divewinns.com\/fr\/#logo\",\"inLanguage\":\"fr-FR\",\"url\":\"https:\/\/divewinns.com\/wp-content\/uploads\/2020\/12\/logo.png\",\"contentUrl\":\"https:\/\/divewinns.com\/wp-content\/uploads\/2020\/12\/logo.png\",\"width\":200,\"height\":32,\"caption\":\"DiveWinns S\\u00e0rl\"},\"image\":{\"@id\":\"https:\/\/divewinns.com\/fr\/#logo\"}},{\"@type\":\"WebSite\",\"@id\":\"https:\/\/divewinns.com\/fr\/#website\",\"url\":\"https:\/\/divewinns.com\/fr\/\",\"name\":\"DiveWinns\",\"description\":\"\",\"publisher\":{\"@id\":\"https:\/\/divewinns.com\/fr\/#organization\"},\"potentialAction\":[{\"@type\":\"SearchAction\",\"target\":{\"@type\":\"EntryPoint\",\"urlTemplate\":\"https:\/\/divewinns.com\/fr\/?s={search_term_string}\"},\"query-input\":\"required name=search_term_string\"}],\"inLanguage\":\"fr-FR\"},{\"@type\":\"WebPage\",\"@id\":\"https:\/\/divewinns.com\/legal-mention\/#webpage\",\"url\":\"https:\/\/divewinns.com\/legal-mention\/\",\"name\":\"Mentions L\\u00e9gales &bull; DiveWinns\",\"isPartOf\":{\"@id\":\"https:\/\/divewinns.com\/fr\/#website\"},\"datePublished\":\"2020-11-18T08:02:06+00:00\",\"dateModified\":\"2022-01-05T14:20:21+00:00\",\"breadcrumb\":{\"@id\":\"https:\/\/divewinns.com\/legal-mention\/#breadcrumb\"},\"inLanguage\":\"fr-FR\",\"potentialAction\":[{\"@type\":\"ReadAction\",\"target\":[\"https:\/\/divewinns.com\/legal-mention\/\"]}]},{\"@type\":\"BreadcrumbList\",\"@id\":\"https:\/\/divewinns.com\/legal-mention\/#breadcrumb\",\"itemListElement\":[{\"@type\":\"ListItem\",\"position\":1,\"name\":\"Home\",\"item\":\"https:\/\/divewinns.com\/\"},{\"@type\":\"ListItem\",\"position\":2,\"name\":\"Mentions L\\u00e9gales\"}]}]}<\/script>\n<!-- \/ Yoast SEO Premium plugin. -->","yoast_head_json":{"title":"Mentions L\u00e9gales &bull; DiveWinns","robots":{"index":"index","follow":"follow","max-snippet":"max-snippet:-1","max-image-preview":"max-image-preview:large","max-video-preview":"max-video-preview:-1"},"canonical":"https:\/\/divewinns.com\/legal-mention\/","og_locale":"fr_FR","og_type":"article","og_title":"Mentions L\u00e9gales","og_description":"La consultation du site DiveWinns et son usage sont soumis au respect et \u00e0 l\u2019acceptation inconditionnelle de l\u2019ensemble des termes, conditions et mentions d\u2019avertissement contenus aux conditions suivantes. Par l\u2019utilisation de ce Site Web, vous acceptez express\u00e9ment et sans limitation lesdits termes, conditions et mentions d\u2019avertissement. INFORMATIONS L\u00c9GALES Le Site et tout son contenu est [&hellip;]","og_url":"https:\/\/divewinns.com\/legal-mention\/","og_site_name":"DiveWinns","article_publisher":"https:\/\/www.facebook.com\/DiveWinns","article_modified_time":"2022-01-05T14:20:21+00:00","twitter_card":"summary_large_image","twitter_misc":{"Dur\u00e9e de lecture est.":"5 minutes"},"schema":{"@context":"https:\/\/schema.org","@graph":[{"@type":"Organization","@id":"https:\/\/divewinns.com\/fr\/#organization","name":"DiveWinns S\u00e0rl","url":"https:\/\/divewinns.com\/fr\/","sameAs":["https:\/\/www.facebook.com\/DiveWinns","https:\/\/www.instagram.com\/DiveWinns"],"logo":{"@type":"ImageObject","@id":"https:\/\/divewinns.com\/fr\/#logo","inLanguage":"fr-FR","url":"https:\/\/divewinns.com\/wp-content\/uploads\/2020\/12\/logo.png","contentUrl":"https:\/\/divewinns.com\/wp-content\/uploads\/2020\/12\/logo.png","width":200,"height":32,"caption":"DiveWinns S\u00e0rl"},"image":{"@id":"https:\/\/divewinns.com\/fr\/#logo"}},{"@type":"WebSite","@id":"https:\/\/divewinns.com\/fr\/#website","url":"https:\/\/divewinns.com\/fr\/","name":"DiveWinns","description":"","publisher":{"@id":"https:\/\/divewinns.com\/fr\/#organization"},"potentialAction":[{"@type":"SearchAction","target":{"@type":"EntryPoint","urlTemplate":"https:\/\/divewinns.com\/fr\/?s={search_term_string}"},"query-input":"required name=search_term_string"}],"inLanguage":"fr-FR"},{"@type":"WebPage","@id":"https:\/\/divewinns.com\/legal-mention\/#webpage","url":"https:\/\/divewinns.com\/legal-mention\/","name":"Mentions L\u00e9gales &bull; DiveWinns","isPartOf":{"@id":"https:\/\/divewinns.com\/fr\/#website"},"datePublished":"2020-11-18T08:02:06+00:00","dateModified":"2022-01-05T14:20:21+00:00","breadcrumb":{"@id":"https:\/\/divewinns.com\/legal-mention\/#breadcrumb"},"inLanguage":"fr-FR","potentialAction":[{"@type":"ReadAction","target":["https:\/\/divewinns.com\/legal-mention\/"]}]},{"@type":"BreadcrumbList","@id":"https:\/\/divewinns.com\/legal-mention\/#breadcrumb","itemListElement":[{"@type":"ListItem","position":1,"name":"Home","item":"https:\/\/divewinns.com\/"},{"@type":"ListItem","position":2,"name":"Mentions L\u00e9gales"}]}]}},"_links":{"self":[{"href":"https:\/\/divewinns.com\/fr\/wp-json\/wp\/v2\/pages\/262"}],"collection":[{"href":"https:\/\/divewinns.com\/fr\/wp-json\/wp\/v2\/pages"}],"about":[{"href":"https:\/\/divewinns.com\/fr\/wp-json\/wp\/v2\/types\/page"}],"author":[{"embeddable":true,"href":"https:\/\/divewinns.com\/fr\/wp-json\/wp\/v2\/users\/1"}],"replies":[{"embeddable":true,"href":"https:\/\/divewinns.com\/fr\/wp-json\/wp\/v2\/comments?post=262"}],"version-history":[{"count":2,"href":"https:\/\/divewinns.com\/fr\/wp-json\/wp\/v2\/pages\/262\/revisions"}],"predecessor-version":[{"id":5371,"href":"https:\/\/divewinns.com\/fr\/wp-json\/wp\/v2\/pages\/262\/revisions\/5371"}],"wp:attachment":[{"href":"https:\/\/divewinns.com\/fr\/wp-json\/wp\/v2\/media?parent=262"}],"curies":[{"name":"wp","href":"https:\/\/api.w.org\/{rel}","templated":true}]}}