{"id":21,"date":"2020-10-28T22:23:54","date_gmt":"2020-10-28T21:23:54","guid":{"rendered":"https:\/\/divewinns.webdev.lu\/?page_id=21"},"modified":"2020-12-18T13:01:05","modified_gmt":"2020-12-18T12:01:05","slug":"faq","status":"publish","type":"page","link":"https:\/\/divewinns.com\/fr\/faq\/","title":{"rendered":"FAQ"},"content":{"rendered":"<p><\/p>\n<h1>Foire aux questions.<\/h1>\n<p>Nous esp\u00e9rons que vous trouverez ici les r\u00e9ponses \u00e0 vos questions.<\/p>\n<p>Si nous n&rsquo;avons pas pu vous aider ici, veuillez nous envoyer un bref message.<\/p>","protected":false},"excerpt":{"rendered":"<p>Foire aux questions. Nous esp\u00e9rons que vous trouverez ici les r\u00e9ponses \u00e0 vos questions. Si nous n&rsquo;avons pas pu vous aider ici, veuillez nous envoyer un bref message.<\/p>\n","protected":false},"author":1,"featured_media":0,"parent":0,"menu_order":10,"comment_status":"closed","ping_status":"closed","template":"template-faq.php","meta":{"inline_featured_image":false},"yoast_head":"<!-- This site is optimized with the Yoast SEO Premium plugin v17.8 (Yoast SEO v17.8) - https:\/\/yoast.com\/wordpress\/plugins\/seo\/ -->\n<title>FAQ &bull; DiveWinns<\/title>\n<meta name=\"robots\" content=\"index, follow, max-snippet:-1, max-image-preview:large, max-video-preview:-1\" \/>\n<link rel=\"canonical\" href=\"https:\/\/divewinns.com\/fr\/faq\/\" \/>\n<meta property=\"og:locale\" content=\"fr_FR\" \/>\n<meta property=\"og:type\" content=\"article\" \/>\n<meta property=\"og:title\" content=\"FAQ\" \/>\n<meta property=\"og:description\" content=\"Foire aux questions. Nous esp\u00e9rons que vous trouverez ici les r\u00e9ponses \u00e0 vos questions. Si nous n&rsquo;avons pas pu vous aider ici, veuillez nous envoyer un bref message.\" \/>\n<meta property=\"og:url\" content=\"https:\/\/divewinns.com\/fr\/faq\/\" \/>\n<meta property=\"og:site_name\" content=\"DiveWinns\" \/>\n<meta property=\"article:publisher\" content=\"https:\/\/www.facebook.com\/DiveWinns\" \/>\n<meta property=\"article:modified_time\" content=\"2020-12-18T12:01:05+00:00\" \/>\n<meta name=\"twitter:card\" content=\"summary_large_image\" \/>\n<script type=\"application\/ld+json\" class=\"yoast-schema-graph\">{\"@context\":\"https:\/\/schema.org\",\"@graph\":[{\"@type\":\"Organization\",\"@id\":\"https:\/\/divewinns.com\/fr\/#organization\",\"name\":\"DiveWinns S\\u00e0rl\",\"url\":\"https:\/\/divewinns.com\/fr\/\",\"sameAs\":[\"https:\/\/www.facebook.com\/DiveWinns\",\"https:\/\/www.instagram.com\/DiveWinns\"],\"logo\":{\"@type\":\"ImageObject\",\"@id\":\"https:\/\/divewinns.com\/fr\/#logo\",\"inLanguage\":\"fr-FR\",\"url\":\"https:\/\/divewinns.com\/wp-content\/uploads\/2020\/12\/logo.png\",\"contentUrl\":\"https:\/\/divewinns.com\/wp-content\/uploads\/2020\/12\/logo.png\",\"width\":200,\"height\":32,\"caption\":\"DiveWinns S\\u00e0rl\"},\"image\":{\"@id\":\"https:\/\/divewinns.com\/fr\/#logo\"}},{\"@type\":\"WebSite\",\"@id\":\"https:\/\/divewinns.com\/fr\/#website\",\"url\":\"https:\/\/divewinns.com\/fr\/\",\"name\":\"DiveWinns\",\"description\":\"\",\"publisher\":{\"@id\":\"https:\/\/divewinns.com\/fr\/#organization\"},\"potentialAction\":[{\"@type\":\"SearchAction\",\"target\":{\"@type\":\"EntryPoint\",\"urlTemplate\":\"https:\/\/divewinns.com\/fr\/?s={search_term_string}\"},\"query-input\":\"required name=search_term_string\"}],\"inLanguage\":\"fr-FR\"},{\"@type\":\"WebPage\",\"@id\":\"https:\/\/divewinns.com\/fr\/faq\/#webpage\",\"url\":\"https:\/\/divewinns.com\/fr\/faq\/\",\"name\":\"FAQ &bull; DiveWinns\",\"isPartOf\":{\"@id\":\"https:\/\/divewinns.com\/fr\/#website\"},\"datePublished\":\"2020-10-28T21:23:54+00:00\",\"dateModified\":\"2020-12-18T12:01:05+00:00\",\"breadcrumb\":{\"@id\":\"https:\/\/divewinns.com\/fr\/faq\/#breadcrumb\"},\"inLanguage\":\"fr-FR\",\"potentialAction\":[{\"@type\":\"ReadAction\",\"target\":[\"https:\/\/divewinns.com\/fr\/faq\/\"]}]},{\"@type\":\"BreadcrumbList\",\"@id\":\"https:\/\/divewinns.com\/fr\/faq\/#breadcrumb\",\"itemListElement\":[{\"@type\":\"ListItem\",\"position\":1,\"name\":\"Home\",\"item\":\"https:\/\/divewinns.com\/\"},{\"@type\":\"ListItem\",\"position\":2,\"name\":\"FAQ\"}]}]}<\/script>\n<!-- \/ Yoast SEO Premium plugin. -->","yoast_head_json":{"title":"FAQ &bull; DiveWinns","robots":{"index":"index","follow":"follow","max-snippet":"max-snippet:-1","max-image-preview":"max-image-preview:large","max-video-preview":"max-video-preview:-1"},"canonical":"https:\/\/divewinns.com\/fr\/faq\/","og_locale":"fr_FR","og_type":"article","og_title":"FAQ","og_description":"Foire aux questions. Nous esp\u00e9rons que vous trouverez ici les r\u00e9ponses \u00e0 vos questions. Si nous n&rsquo;avons pas pu vous aider ici, veuillez nous envoyer un bref message.","og_url":"https:\/\/divewinns.com\/fr\/faq\/","og_site_name":"DiveWinns","article_publisher":"https:\/\/www.facebook.com\/DiveWinns","article_modified_time":"2020-12-18T12:01:05+00:00","twitter_card":"summary_large_image","schema":{"@context":"https:\/\/schema.org","@graph":[{"@type":"Organization","@id":"https:\/\/divewinns.com\/fr\/#organization","name":"DiveWinns S\u00e0rl","url":"https:\/\/divewinns.com\/fr\/","sameAs":["https:\/\/www.facebook.com\/DiveWinns","https:\/\/www.instagram.com\/DiveWinns"],"logo":{"@type":"ImageObject","@id":"https:\/\/divewinns.com\/fr\/#logo","inLanguage":"fr-FR","url":"https:\/\/divewinns.com\/wp-content\/uploads\/2020\/12\/logo.png","contentUrl":"https:\/\/divewinns.com\/wp-content\/uploads\/2020\/12\/logo.png","width":200,"height":32,"caption":"DiveWinns S\u00e0rl"},"image":{"@id":"https:\/\/divewinns.com\/fr\/#logo"}},{"@type":"WebSite","@id":"https:\/\/divewinns.com\/fr\/#website","url":"https:\/\/divewinns.com\/fr\/","name":"DiveWinns","description":"","publisher":{"@id":"https:\/\/divewinns.com\/fr\/#organization"},"potentialAction":[{"@type":"SearchAction","target":{"@type":"EntryPoint","urlTemplate":"https:\/\/divewinns.com\/fr\/?s={search_term_string}"},"query-input":"required name=search_term_string"}],"inLanguage":"fr-FR"},{"@type":"WebPage","@id":"https:\/\/divewinns.com\/fr\/faq\/#webpage","url":"https:\/\/divewinns.com\/fr\/faq\/","name":"FAQ &bull; DiveWinns","isPartOf":{"@id":"https:\/\/divewinns.com\/fr\/#website"},"datePublished":"2020-10-28T21:23:54+00:00","dateModified":"2020-12-18T12:01:05+00:00","breadcrumb":{"@id":"https:\/\/divewinns.com\/fr\/faq\/#breadcrumb"},"inLanguage":"fr-FR","potentialAction":[{"@type":"ReadAction","target":["https:\/\/divewinns.com\/fr\/faq\/"]}]},{"@type":"BreadcrumbList","@id":"https:\/\/divewinns.com\/fr\/faq\/#breadcrumb","itemListElement":[{"@type":"ListItem","position":1,"name":"Home","item":"https:\/\/divewinns.com\/"},{"@type":"ListItem","position":2,"name":"FAQ"}]}]}},"_links":{"self":[{"href":"https:\/\/divewinns.com\/fr\/wp-json\/wp\/v2\/pages\/21"}],"collection":[{"href":"https:\/\/divewinns.com\/fr\/wp-json\/wp\/v2\/pages"}],"about":[{"href":"https:\/\/divewinns.com\/fr\/wp-json\/wp\/v2\/types\/page"}],"author":[{"embeddable":true,"href":"https:\/\/divewinns.com\/fr\/wp-json\/wp\/v2\/users\/1"}],"replies":[{"embeddable":true,"href":"https:\/\/divewinns.com\/fr\/wp-json\/wp\/v2\/comments?post=21"}],"version-history":[{"count":9,"href":"https:\/\/divewinns.com\/fr\/wp-json\/wp\/v2\/pages\/21\/revisions"}],"predecessor-version":[{"id":883,"href":"https:\/\/divewinns.com\/fr\/wp-json\/wp\/v2\/pages\/21\/revisions\/883"}],"wp:attachment":[{"href":"https:\/\/divewinns.com\/fr\/wp-json\/wp\/v2\/media?parent=21"}],"curies":[{"name":"wp","href":"https:\/\/api.w.org\/{rel}","templated":true}]}}