{"id":7,"date":"2020-08-07T09:44:45","date_gmt":"2020-08-07T07:44:45","guid":{"rendered":"https:\/\/divewinns.webdev.lu\/?page_id=7"},"modified":"2026-01-03T17:24:37","modified_gmt":"2026-01-03T16:24:37","slug":"discover-the-diver-in-you","status":"publish","type":"page","link":"https:\/\/divewinns.com\/de\/","title":{"rendered":"Entdecken Sie den Taucher in sich"},"content":{"rendered":"<p class=\"qtranxs-available-languages-message qtranxs-available-languages-message-de\">Leider ist der Eintrag nur auf <a href=\"https:\/\/divewinns.com\/fr\/wp-json\/wp\/v2\/pages\/7\" class=\"qtranxs-available-language-link qtranxs-available-language-link-fr\" title=\"Fran\u00e7ais\">Franz\u00f6sisch<\/a> verf\u00fcgbar.<\/p><p>DiveWinns a \u00e9t\u00e9 fond\u00e9 pour partager avec vous notre passion pour la plong\u00e9e<\/p>\n<p class=\"p1\"><span class=\"s1\">\u00a0<\/span><\/p>\n<p><\/p>","protected":false},"excerpt":{"rendered":"<p>Leider ist der Eintrag nur auf Franz\u00f6sisch verf\u00fcgbar.DiveWinns a \u00e9t\u00e9 fond\u00e9 pour partager avec vous notre passion pour la plong\u00e9e \u00a0<\/p>\n","protected":false},"author":1,"featured_media":237,"parent":0,"menu_order":0,"comment_status":"closed","ping_status":"closed","template":"","meta":{"inline_featured_image":false},"yoast_head":"<!-- This site is optimized with the Yoast SEO Premium plugin v17.8 (Yoast SEO v17.8) - https:\/\/yoast.com\/wordpress\/plugins\/seo\/ -->\n<title>Discover the diver in you with DiveWinns<\/title>\n<meta name=\"description\" content=\"DiveWinns is your perfect partner for your diving career. Equipment, courses, maintenance or equipment rental. Discover the diver in you\" \/>\n<meta name=\"robots\" content=\"index, follow, max-snippet:-1, max-image-preview:large, max-video-preview:-1\" \/>\n<link rel=\"canonical\" href=\"https:\/\/divewinns.com\/\" \/>\n<meta property=\"og:locale\" content=\"de_DE\" \/>\n<meta property=\"og:type\" content=\"article\" \/>\n<meta property=\"og:title\" content=\"[:en]Discover the diver in you[:fr]D\u00e9couvrez le plongeur en vous[:de]Entdecken Sie den Taucher in sich[:]\" \/>\n<meta property=\"og:description\" content=\"DiveWinns is your perfect partner for your diving career. Equipment, courses, maintenance or equipment rental. Discover the diver in you\" \/>\n<meta property=\"og:url\" content=\"https:\/\/divewinns.com\/\" \/>\n<meta property=\"og:site_name\" content=\"DiveWinns\" \/>\n<meta property=\"article:publisher\" content=\"https:\/\/www.facebook.com\/DiveWinns\" \/>\n<meta property=\"article:modified_time\" content=\"2026-01-03T16:24:37+00:00\" \/>\n<meta property=\"og:image\" content=\"https:\/\/divewinns.com\/wp-content\/uploads\/2020\/11\/hero-background-scaled.jpg\" \/>\n\t<meta property=\"og:image:width\" content=\"2560\" \/>\n\t<meta property=\"og:image:height\" content=\"1289\" \/>\n<meta name=\"twitter:card\" content=\"summary_large_image\" \/>\n<script type=\"application\/ld+json\" class=\"yoast-schema-graph\">{\"@context\":\"https:\/\/schema.org\",\"@graph\":[{\"@type\":\"Organization\",\"@id\":\"https:\/\/divewinns.com\/fr\/#organization\",\"name\":\"DiveWinns S\\u00e0rl\",\"url\":\"https:\/\/divewinns.com\/fr\/\",\"sameAs\":[\"https:\/\/www.facebook.com\/DiveWinns\",\"https:\/\/www.instagram.com\/DiveWinns\"],\"logo\":{\"@type\":\"ImageObject\",\"@id\":\"https:\/\/divewinns.com\/fr\/#logo\",\"inLanguage\":\"de-DE\",\"url\":\"https:\/\/divewinns.com\/wp-content\/uploads\/2020\/12\/logo.png\",\"contentUrl\":\"https:\/\/divewinns.com\/wp-content\/uploads\/2020\/12\/logo.png\",\"width\":200,\"height\":32,\"caption\":\"DiveWinns S\\u00e0rl\"},\"image\":{\"@id\":\"https:\/\/divewinns.com\/fr\/#logo\"}},{\"@type\":\"WebSite\",\"@id\":\"https:\/\/divewinns.com\/fr\/#website\",\"url\":\"https:\/\/divewinns.com\/fr\/\",\"name\":\"DiveWinns\",\"description\":\"\",\"publisher\":{\"@id\":\"https:\/\/divewinns.com\/fr\/#organization\"},\"potentialAction\":[{\"@type\":\"SearchAction\",\"target\":{\"@type\":\"EntryPoint\",\"urlTemplate\":\"https:\/\/divewinns.com\/fr\/?s={search_term_string}\"},\"query-input\":\"required name=search_term_string\"}],\"inLanguage\":\"de-DE\"},{\"@type\":\"ImageObject\",\"@id\":\"https:\/\/divewinns.com\/#primaryimage\",\"inLanguage\":\"de-DE\",\"url\":\"https:\/\/divewinns.com\/wp-content\/uploads\/2020\/11\/hero-background-scaled.jpg\",\"contentUrl\":\"https:\/\/divewinns.com\/wp-content\/uploads\/2020\/11\/hero-background-scaled.jpg\",\"width\":2560,\"height\":1289,\"caption\":\"DiveWinns - your partner for diving in Luxembourg.\"},{\"@type\":\"WebPage\",\"@id\":\"https:\/\/divewinns.com\/#webpage\",\"url\":\"https:\/\/divewinns.com\/\",\"name\":\"Discover the diver in you with DiveWinns\",\"isPartOf\":{\"@id\":\"https:\/\/divewinns.com\/fr\/#website\"},\"primaryImageOfPage\":{\"@id\":\"https:\/\/divewinns.com\/#primaryimage\"},\"datePublished\":\"2020-08-07T07:44:45+00:00\",\"dateModified\":\"2026-01-03T16:24:37+00:00\",\"description\":\"DiveWinns is your perfect partner for your diving career. Equipment, courses, maintenance or equipment rental. Discover the diver in you\",\"breadcrumb\":{\"@id\":\"https:\/\/divewinns.com\/#breadcrumb\"},\"inLanguage\":\"de-DE\",\"potentialAction\":[{\"@type\":\"ReadAction\",\"target\":[\"https:\/\/divewinns.com\/\"]}]},{\"@type\":\"BreadcrumbList\",\"@id\":\"https:\/\/divewinns.com\/#breadcrumb\",\"itemListElement\":[{\"@type\":\"ListItem\",\"position\":1,\"name\":\"Home\",\"item\":\"https:\/\/divewinns.com\/\"},{\"@type\":\"ListItem\",\"position\":2,\"name\":\"Discover the diver in you\"}]}]}<\/script>\n<!-- \/ Yoast SEO Premium plugin. -->","yoast_head_json":{"title":"Discover the diver in you with DiveWinns","description":"DiveWinns is your perfect partner for your diving career. Equipment, courses, maintenance or equipment rental. Discover the diver in you","robots":{"index":"index","follow":"follow","max-snippet":"max-snippet:-1","max-image-preview":"max-image-preview:large","max-video-preview":"max-video-preview:-1"},"canonical":"https:\/\/divewinns.com\/","og_locale":"de_DE","og_type":"article","og_title":"[:en]Discover the diver in you[:fr]D\u00e9couvrez le plongeur en vous[:de]Entdecken Sie den Taucher in sich[:]","og_description":"DiveWinns is your perfect partner for your diving career. Equipment, courses, maintenance or equipment rental. Discover the diver in you","og_url":"https:\/\/divewinns.com\/","og_site_name":"DiveWinns","article_publisher":"https:\/\/www.facebook.com\/DiveWinns","article_modified_time":"2026-01-03T16:24:37+00:00","og_image":[{"width":2560,"height":1289,"url":"https:\/\/divewinns.com\/wp-content\/uploads\/2020\/11\/hero-background-scaled.jpg","type":"image\/jpeg"}],"twitter_card":"summary_large_image","schema":{"@context":"https:\/\/schema.org","@graph":[{"@type":"Organization","@id":"https:\/\/divewinns.com\/fr\/#organization","name":"DiveWinns S\u00e0rl","url":"https:\/\/divewinns.com\/fr\/","sameAs":["https:\/\/www.facebook.com\/DiveWinns","https:\/\/www.instagram.com\/DiveWinns"],"logo":{"@type":"ImageObject","@id":"https:\/\/divewinns.com\/fr\/#logo","inLanguage":"de-DE","url":"https:\/\/divewinns.com\/wp-content\/uploads\/2020\/12\/logo.png","contentUrl":"https:\/\/divewinns.com\/wp-content\/uploads\/2020\/12\/logo.png","width":200,"height":32,"caption":"DiveWinns S\u00e0rl"},"image":{"@id":"https:\/\/divewinns.com\/fr\/#logo"}},{"@type":"WebSite","@id":"https:\/\/divewinns.com\/fr\/#website","url":"https:\/\/divewinns.com\/fr\/","name":"DiveWinns","description":"","publisher":{"@id":"https:\/\/divewinns.com\/fr\/#organization"},"potentialAction":[{"@type":"SearchAction","target":{"@type":"EntryPoint","urlTemplate":"https:\/\/divewinns.com\/fr\/?s={search_term_string}"},"query-input":"required name=search_term_string"}],"inLanguage":"de-DE"},{"@type":"ImageObject","@id":"https:\/\/divewinns.com\/#primaryimage","inLanguage":"de-DE","url":"https:\/\/divewinns.com\/wp-content\/uploads\/2020\/11\/hero-background-scaled.jpg","contentUrl":"https:\/\/divewinns.com\/wp-content\/uploads\/2020\/11\/hero-background-scaled.jpg","width":2560,"height":1289,"caption":"DiveWinns - your partner for diving in Luxembourg."},{"@type":"WebPage","@id":"https:\/\/divewinns.com\/#webpage","url":"https:\/\/divewinns.com\/","name":"Discover the diver in you with DiveWinns","isPartOf":{"@id":"https:\/\/divewinns.com\/fr\/#website"},"primaryImageOfPage":{"@id":"https:\/\/divewinns.com\/#primaryimage"},"datePublished":"2020-08-07T07:44:45+00:00","dateModified":"2026-01-03T16:24:37+00:00","description":"DiveWinns is your perfect partner for your diving career. Equipment, courses, maintenance or equipment rental. Discover the diver in you","breadcrumb":{"@id":"https:\/\/divewinns.com\/#breadcrumb"},"inLanguage":"de-DE","potentialAction":[{"@type":"ReadAction","target":["https:\/\/divewinns.com\/"]}]},{"@type":"BreadcrumbList","@id":"https:\/\/divewinns.com\/#breadcrumb","itemListElement":[{"@type":"ListItem","position":1,"name":"Home","item":"https:\/\/divewinns.com\/"},{"@type":"ListItem","position":2,"name":"Discover the diver in you"}]}]}},"_links":{"self":[{"href":"https:\/\/divewinns.com\/de\/wp-json\/wp\/v2\/pages\/7"}],"collection":[{"href":"https:\/\/divewinns.com\/de\/wp-json\/wp\/v2\/pages"}],"about":[{"href":"https:\/\/divewinns.com\/de\/wp-json\/wp\/v2\/types\/page"}],"author":[{"embeddable":true,"href":"https:\/\/divewinns.com\/de\/wp-json\/wp\/v2\/users\/1"}],"replies":[{"embeddable":true,"href":"https:\/\/divewinns.com\/de\/wp-json\/wp\/v2\/comments?post=7"}],"version-history":[{"count":246,"href":"https:\/\/divewinns.com\/de\/wp-json\/wp\/v2\/pages\/7\/revisions"}],"predecessor-version":[{"id":5682,"href":"https:\/\/divewinns.com\/de\/wp-json\/wp\/v2\/pages\/7\/revisions\/5682"}],"wp:featuredmedia":[{"embeddable":true,"href":"https:\/\/divewinns.com\/de\/wp-json\/wp\/v2\/media\/237"}],"wp:attachment":[{"href":"https:\/\/divewinns.com\/de\/wp-json\/wp\/v2\/media?parent=7"}],"curies":[{"name":"wp","href":"https:\/\/api.w.org\/{rel}","templated":true}]}}